{"id":2,"date":"2016-07-02T09:00:56","date_gmt":"2016-07-02T09:00:56","guid":{"rendered":"http:\/\/privatschulen-ratgeber.de\/blog\/?page_id=2"},"modified":"2025-05-28T11:18:29","modified_gmt":"2025-05-28T11:18:29","slug":"impressum","status":"publish","type":"page","link":"https:\/\/privatschulen-ratgeber.de\/blog\/impressum\/","title":{"rendered":"Impressum"},"content":{"rendered":"<p><strong>Sensational GmbH<\/strong><br \/>\nD\u00f6nhoffstra\u00dfe 40<br \/>\n51373 Leverkusen<\/p>\n<h2>Kontakt<\/h2>\n<p>Fax: +49 (0)214 \u2013 864 996 949<\/p>\n<p>E-Mail:\u00a0<a href=\"mailto:opteamierer@sensational.marketing\">opteamierer@sensational.marketing<\/a><\/p>\n<p>Gesetzlich vertreten durch den Gesch\u00e4ftsf\u00fchrer Bastian Sens<\/p>\n<h2>Verantwortlicher f\u00fcr Inhalte gem\u00e4\u00df \u00a7 55 Abs. 2 RStV<\/h2>\n<p>Bastian Sens, D\u00f6nhoffstra\u00dfe 40, 51373 Leverkusen<\/p>\n<h2>Weitere Angaben<\/h2>\n<p>Handelsregister: Amtsgericht K\u00f6ln, HRB 92212<br \/>\nUmsatzsteuer-Identifikationsnummer gem\u00e4\u00df \u00a7 27 a : DE314963477<\/p>\n<p>Unsere Allgemeinen Gesch\u00e4ftsbedingungen finden Sie\u00a0<a href=\"http:\/\/sensational.marketing\/agb.pdf\" target=\"_blank\" rel=\"noopener\">hier<\/a>.<\/p>\n<p>Berufshaftpflichtversicherung<br \/>\nHiscox AG<br \/>\nArnulfstra\u00dfe 31<br \/>\n80636 M\u00fcnchen<br \/>\nTelefon: +49 (0)89 54 58 01-100<br \/>\nTelefax: + 49 (0)89 54 58 01-199<br \/>\nE-Mail:hiscox.info@hiscox.de<\/p>\n<p>R\u00e4umlicher Geltungsbereich des Versicherungsvertrages: weltweit<\/p>\n<p>Hinweis auf EU-Streitschlichtung: Die Europ\u00e4ische Kommission stellt eine Plattform zur Online-Streitbeilegung (OS) bereit:\u00a0<a href=\"http:\/\/ec.europa.eu\/consumers\/odr\" target=\"_blank\" rel=\"noopener\">http:\/\/ec.europa.eu\/consumers\/odr<\/a>. Unsere E-Mail-Adresse finden Sie oben.<\/p>\n","protected":false},"excerpt":{"rendered":"<p>Sensational GmbH D\u00f6nhoffstra\u00dfe 40 51373 Leverkusen Kontakt Fax: +49 (0)214 \u2013 864 996 949 E-Mail:\u00a0opteamierer@sensational.marketing Gesetzlich vertreten durch den Gesch\u00e4ftsf\u00fchrer Bastian Sens Verantwortlicher f\u00fcr Inhalte gem\u00e4\u00df \u00a7 55 Abs. 2 RStV Bastian Sens, D\u00f6nhoffstra\u00dfe 40, 51373 Leverkusen Weitere Angaben Handelsregister: Amtsgericht K\u00f6ln, HRB 92212 Umsatzsteuer-Identifikationsnummer gem\u00e4\u00df \u00a7 27 a : DE314963477 Unsere Allgemeinen Gesch\u00e4ftsbedingungen finden [&hellip;]<\/p>\n","protected":false},"author":1,"featured_media":0,"parent":0,"menu_order":0,"comment_status":"closed","ping_status":"open","template":"","meta":{"footnotes":""},"class_list":["post-2","page","type-page","status-publish","hentry"],"aioseo_notices":[],"_links":{"self":[{"href":"https:\/\/privatschulen-ratgeber.de\/blog\/wp-json\/wp\/v2\/pages\/2","targetHints":{"allow":["GET"]}}],"collection":[{"href":"https:\/\/privatschulen-ratgeber.de\/blog\/wp-json\/wp\/v2\/pages"}],"about":[{"href":"https:\/\/privatschulen-ratgeber.de\/blog\/wp-json\/wp\/v2\/types\/page"}],"author":[{"embeddable":true,"href":"https:\/\/privatschulen-ratgeber.de\/blog\/wp-json\/wp\/v2\/users\/1"}],"replies":[{"embeddable":true,"href":"https:\/\/privatschulen-ratgeber.de\/blog\/wp-json\/wp\/v2\/comments?post=2"}],"version-history":[{"count":4,"href":"https:\/\/privatschulen-ratgeber.de\/blog\/wp-json\/wp\/v2\/pages\/2\/revisions"}],"predecessor-version":[{"id":721,"href":"https:\/\/privatschulen-ratgeber.de\/blog\/wp-json\/wp\/v2\/pages\/2\/revisions\/721"}],"wp:attachment":[{"href":"https:\/\/privatschulen-ratgeber.de\/blog\/wp-json\/wp\/v2\/media?parent=2"}],"curies":[{"name":"wp","href":"https:\/\/api.w.org\/{rel}","templated":true}]}}