{"id":418,"date":"2018-05-19T14:09:40","date_gmt":"2018-05-19T14:09:40","guid":{"rendered":"http:\/\/privatschulen-ratgeber.de\/blog\/?page_id=418"},"modified":"2018-05-25T11:03:01","modified_gmt":"2018-05-25T11:03:01","slug":"datenschutz","status":"publish","type":"page","link":"https:\/\/privatschulen-ratgeber.de\/blog\/datenschutz\/","title":{"rendered":"Datenschutz"},"content":{"rendered":"<h2>Verantwortlicher<\/h2>\n<p>Sensational Marketing GmbH<br \/>\nD\u00f6nhoffstr. 40<br \/>\n51373 Leverkusen, Deutschland<br \/>\nTel.: 0214 \/ 864 996 940<br \/>\nE-Mail: opteamierer@sensational.marketing<\/p>\n<h2>Arten der verarbeiteten Daten<\/h2>\n<ul>\n<li>Bestandsdaten<\/li>\n<li>Kontaktdaten<\/li>\n<li>Inhaltsdaten<\/li>\n<li>Nutzungsdaten<\/li>\n<li>Meta-\/ Kommunikationsdaten<\/li>\n<\/ul>\n<h2>Verarbeitung besonderer Kategorien von Daten (Art. 9 Abs. 1 DSGVO<\/h2>\n<p>Es werden grunds\u00e4tzlich keine besonderen Kategorien von Daten verarbeitet, au\u00dfer diese werden durch die Nutzer der Verarbeitung zugef\u00fchrt, z.B. in Onlineformularen eingegeben.<\/p>\n<p>Kategorien der von der Verarbeitung betroffenen Personen<\/p>\n<ul>\n<li>Kunden \/ Interessenten \/ Lieferanten.<\/li>\n<li>Besucher und Nutzer des Onlineangebotes.<\/li>\n<\/ul>\n<p>Nachfolgend bezeichnen wir die betroffenen Personen zusammenfassend auch als \u201eNutzer\u201c.<\/p>\n<h2>Zweck der Verarbeitung<\/h2>\n<ul>\n<li>Zurverf\u00fcgungstellung des Onlineangebotes, seiner Inhalte und Funktionen.<\/li>\n<li>Erbringung vertraglicher Leistungen, Service und Kundenpflege.<\/li>\n<li>Beantwortung von Kontaktanfragen und Kommunikation mit Nutzern.<\/li>\n<li>Marketing, Werbung und Marktforschung.<\/li>\n<\/ul>\n<p>Stand: 27.04.2018<\/p>\n<h2>Ma\u00dfgebliche Rechtsgrundlagen<\/h2>\n<p>Nach Ma\u00dfgabe des Art. 13 DSGVO teilen wir Ihnen die Rechtsgrundlagen unserer Datenverarbeitungen mit. Sofern die Rechtsgrundlage in der Datenschutzerkl\u00e4rung nicht genannt wird, gilt Folgendes: Die Rechtsgrundlage f\u00fcr die Einholung von Einwilligungen ist Art. 6 Abs. 1 lit. a und Art. 7 DSGVO, die Rechtsgrundlage f\u00fcr die Verarbeitung zur Erf\u00fcllung unserer Leistungen und Durchf\u00fchrung vertraglicher Ma\u00dfnahmen sowie Beantwortung von Anfragen ist Art. 6 Abs. 1 lit. b DSGVO, die Rechtsgrundlage f\u00fcr die Verarbeitung zur Erf\u00fcllung unserer rechtlichen Verpflichtungen ist Art. 6 Abs. 1 lit. c DSGVO, und die Rechtsgrundlage f\u00fcr die Verarbeitung zur Wahrung unserer berechtigten Interessen ist Art. 6 Abs. 1 lit. f DSGVO. F\u00fcr den Fall, dass lebenswichtige Interessen der betroffenen Person oder einer anderen nat\u00fcrlichen Person eine Verarbeitung personenbezogener Daten erforderlich machen, dient Art. 6 Abs. 1 lit. d DSGVO als Rechtsgrundlage.<\/p>\n<h2>\u00c4nderungen und Aktualisierungen der Datenschutzerkl\u00e4rung<\/h2>\n<p>Wir bitten Sie sich regelm\u00e4\u00dfig \u00fcber den Inhalt unserer Datenschutzerkl\u00e4rung zu informieren. Wir passen die Datenschutzerkl\u00e4rung an, sobald die \u00c4nderungen der von uns durchgef\u00fchrten Datenverarbeitungen dies erforderlich machen. Wir informieren Sie, sobald durch die \u00c4nderungen eine Mitwirkungshandlung Ihrerseits (z.B. Einwilligung) oder eine sonstige individuelle Benachrichtigung erforderlich wird.<\/p>\n<h2>Sicherheitsma\u00dfnahmen<\/h2>\n<p>Wir treffen nach Ma\u00dfgabe des Art. 32 DSGVO unter Ber\u00fccksichtigung des Stands der Technik, der Implementierungskosten und der Art, des Umfangs, der Umst\u00e4nde und der Zwecke der Verarbeitung sowie der unterschiedlichen Eintrittswahrscheinlichkeit und Schwere des Risikos f\u00fcr die Rechte und Freiheiten nat\u00fcrlicher Personen, geeignete technische und organisatorische Ma\u00dfnahmen, um ein dem Risiko angemessenes Schutzniveau zu gew\u00e4hrleisten; Zu den Ma\u00dfnahmen geh\u00f6ren insbesondere die Sicherung der Vertraulichkeit, Integrit\u00e4t und Verf\u00fcgbarkeit von Daten durch Kontrolle des physischen Zugangs zu den Daten, als auch des sie betreffenden Zugriffs, der Eingabe, Weitergabe, der Sicherung der Verf\u00fcgbarkeit und ihrer Trennung. Des Weiteren haben wir Verfahren eingerichtet, die eine Wahrnehmung von Betroffenenrechten, L\u00f6schung von Daten und Reaktion auf Gef\u00e4hrdung der Daten gew\u00e4hrleisen. Ferner ber\u00fccksichtigen wir den Schutz personenbezogener Daten bereits bei der Entwicklung, bzw. Auswahl von Hardware, Software sowie Verfahren, entsprechend dem Prinzip des Datenschutzes durch Technikgestaltung und durch datenschutzfreundliche Voreinstellungen ber\u00fccksichtigt (Art. 25 DSGVO).<\/p>\n<h2>Zusammenarbeit mit Auftragsverarbeitern und Dritten<\/h2>\n<p>Sofern wir im Rahmen unserer Verarbeitung Daten gegen\u00fcber anderen Personen und Unternehmen (Auftragsverarbeitern oder Dritten) offenbaren, sie an diese \u00fcbermitteln oder ihnen sonst Zugriff auf die Daten gew\u00e4hren, erfolgt dies nur auf Grundlage einer gesetzlichen Erlaubnis (z.B. wenn eine \u00dcbermittlung der Daten an Dritte, wie an Zahlungsdienstleister, gem. Art. 6 Abs. 1 lit. b DSGVO zur Vertragserf\u00fcllung erforderlich ist), Sie eingewilligt haben, eine rechtliche Verpflichtung dies vorsieht oder auf Grundlage unserer berechtigten Interessen (z.B. beim Einsatz von Beauftragten, Webhostern, etc.).<\/p>\n<p>Sofern wir Dritte mit der Verarbeitung von Daten auf Grundlage eines sog. \u201eAuftragsverarbeitungsvertrages\u201c beauftragen, geschieht dies auf Grundlage des Art. 28 DSGVO.<\/p>\n<h2>\u00dcbermittlungen in Drittl\u00e4nder<\/h2>\n<p>Sofern wir Daten in einem Drittland (d.h. au\u00dferhalb der Europ\u00e4ischen Union (EU) oder des Europ\u00e4ischen Wirtschaftsraums (EWR)) verarbeiten oder dies im Rahmen der Inanspruchnahme von Diensten Dritter oder Offenlegung, bzw. \u00dcbermittlung von Daten an Dritte geschieht, erfolgt dies nur, wenn es zur Erf\u00fcllung unserer (vor)vertraglichen Pflichten, auf Grundlage Ihrer Einwilligung, aufgrund einer rechtlichen Verpflichtung oder auf Grundlage unserer berechtigten Interessen geschieht. Vorbehaltlich gesetzlicher oder vertraglicher Erlaubnisse, verarbeiten oder lassen wir die Daten in einem Drittland nur beim Vorliegen der besonderen Voraussetzungen der Art. 44 ff. DSGVO verarbeiten. D.h. die Verarbeitung erfolgt z.B. auf Grundlage besonderer Garantien, wie der offiziell anerkannten Feststellung eines der EU entsprechenden Datenschutzniveaus (z.B. f\u00fcr die USA durch das \u201ePrivacy Shield\u201c) oder Beachtung offiziell anerkannter spezieller vertraglicher Verpflichtungen (so genannte \u201eStandardvertragsklauseln\u201c).<\/p>\n<h2>Rechte der betroffenen Personen<\/h2>\n<p>Sie haben das Recht, eine Best\u00e4tigung dar\u00fcber zu verlangen, ob betreffende Daten verarbeitet werden und auf Auskunft \u00fcber diese Daten sowie auf weitere Informationen und Kopie der Daten entsprechend Art. 15 DSGVO.<\/p>\n<p>Sie haben entsprechend. Art. 16 DSGVO das Recht, die Vervollst\u00e4ndigung der Sie betreffenden Daten oder die Berichtigung der Sie betreffenden unrichtigen Daten zu verlangen.<\/p>\n<p>Sie haben nach Ma\u00dfgabe des Art. 17 DSGVO das Recht zu verlangen, dass betreffende Daten unverz\u00fcglich gel\u00f6scht werden, bzw. alternativ nach Ma\u00dfgabe des Art. 18 DSGVO eine Einschr\u00e4nkung der Verarbeitung der Daten zu verlangen.<\/p>\n<p>Sie haben das Recht zu verlangen, dass die Sie betreffenden Daten, die Sie uns bereitgestellt haben nach Ma\u00dfgabe des Art. 20 DSGVO zu erhalten und deren \u00dcbermittlung an andere Verantwortliche zu fordern.<\/p>\n<p>Sie haben ferner gem. Art. 77 DSGVO das Recht, eine Beschwerde bei der zust\u00e4ndigen Aufsichtsbeh\u00f6rde einzureichen.<\/p>\n<h2>Widerrufsrecht<\/h2>\n<p>Sie haben das Recht, erteilte Einwilligungen gem. Art. 7 Abs. 3 DSGVO mit Wirkung f\u00fcr die Zukunft zu widerrufen.<\/p>\n<h2>Widerspruchsrecht<\/h2>\n<p>Sie k\u00f6nnen der k\u00fcnftigen Verarbeitung der Sie betreffenden Daten nach Ma\u00dfgabe des Art. 21 DSGVO jederzeit widersprechen. Der Widerspruch kann insbesondere gegen die Verarbeitung f\u00fcr Zwecke der Direktwerbung erfolgen.<\/p>\n<h2>Cookies und Widerspruchsrecht bei Direktwerbung<\/h2>\n<p>Wir setzen tempor\u00e4re und permanente Cookies, d.h. kleine Dateien, die auf den Ger\u00e4ten der Nutzer gespeichert werden ein (Erkl\u00e4rung des Begriffs und der Funktion, siehe letzter Abschnitt dieser Datenschutzerkl\u00e4rung). Zum Teil dienen die Cookies der Sicherheit oder sind zum Betrieb unseres Onlineangebotes erforderlich (z.B., f\u00fcr die Darstellung der Website) oder um die Nutzerentscheidung bei der Best\u00e4tigung des Cookie-Banners zu speichern. Daneben setzen wir oder unsere Technologiepartner Cookies zur Reichweitenmessung und Marketingzwecken ein, wor\u00fcber die Nutzer im Laufe der Datenschutzerkl\u00e4rung informiert werden.<\/p>\n<p>Ein genereller Widerspruch gegen den Einsatz der zu Zwecken des Onlinemarketing eingesetzten Cookies kann bei einer Vielzahl der Dienste, vor allem im Fall des Trackings, \u00fcber die US-amerikanische Seite <a href=\"http:\/\/www.aboutads.info\/choices\/\" target=\"_blank\" rel=\"noopener\">http:\/\/www.aboutads.info\/choices\/<\/a> oder die EU-Seite <a href=\"http:\/\/www.youronlinechoices.com\/\" target=\"_blank\" rel=\"noopener\">http:\/\/www.youronlinechoices.com\/<\/a> erkl\u00e4rt werden. Des Weiteren kann die Speicherung von Cookies mittels deren Abschaltung in den Einstellungen des Browsers erreicht werden. Bitte beachten Sie, dass dann gegebenenfalls nicht alle Funktionen dieses Onlineangebotes genutzt werden k\u00f6nnen.<\/p>\n<p>&nbsp;<\/p>\n<h2>Kommentare und Beitr\u00e4ge<\/h2>\n<p>Wenn Nutzer Kommentare oder sonstige Beitr\u00e4ge hinterlassen, werden ihre IP-Adressen auf Grundlage unserer berechtigten Interessen im Sinne des Art. 6 Abs. 1 lit. f. DSGVO f\u00fcr 7 Tage gespeichert.<\/p>\n<p>Das erfolgt zu unserer Sicherheit, falls jemand in Kommentaren und Beitr\u00e4gen widerrechtliche Inhalte hinterl\u00e4sst (Beleidigungen, verbotene politische Propaganda, etc.). In diesem Fall k\u00f6nnen wir selbst f\u00fcr den Kommentar oder Beitrag belangt werden und sind daher an der Identit\u00e4t des Verfassers interessiert.<\/p>\n<h2>Abruf von Profilbildern bei Gravatar<\/h2>\n<p>Wir setzen innerhalb unseres Onlineangebotes und insbesondere im Blog den Dienst Gravatar, der Automattic, Inc. 132 Hawthorne Street San Francisco, CA 94107, USA, ein.<br \/>\nGravatar ist ein Dienst, bei dem sich Nutzer anmelden und Profilbilder und ihre E-Mailadressen hinterlegen k\u00f6nnen. Wen Nutzer mit der jeweiligen E-Mailadresse auf anderen Onlinepr\u00e4senzen (vor allem in Blogs) Beitr\u00e4ge oder Kommentare hinterlassen, k\u00f6nnen so deren Profilbilder neben den Beitr\u00e4gen oder Kommentaren dargestellt werden. Hierzu wird die von den Nutzern mitgeteilte E-Mailadresse an Gravatar zwecks Pr\u00fcfung, ob zu ihr ein Profil gespeichert ist, verschl\u00fcsselt \u00fcbermittelt. Dies ist der einzige Zweck der \u00dcbermittlung der E-Mailadresse und sie wird nicht f\u00fcr andere Zwecke verwendet, sondern danach gel\u00f6scht.<\/p>\n<p>Die Nutzung von Gravatar erfolgt auf Grundlage unserer berechtigten Interessen im Sinne des Art. 6 Abs. 1 lit. f) DSGVO, da wir mit Hilfe von Gravatar den Beitrags- und Kommentarverfassern die M\u00f6glichkeit bieten ihre Beitr\u00e4ge mit einem Profilbild zu personalisieren.<br \/>\nAutomattic ist unter dem Privacy-Shield-Abkommen zertifiziert und bietet hierdurch eine Garantie, das europ\u00e4ische Datenschutzrecht einzuhalten (<a href=\"https:\/\/www.privacyshield.gov\/participant?id=a2zt0000000CbqcAAC&amp;status=Active\" target=\"_blank\" rel=\"noopener\">https:\/\/www.privacyshield.gov\/participant?id=a2zt0000000CbqcAAC&amp;status=Active<\/a>).<\/p>\n<p>Durch die Anzeige der Bilder bringt Gravatar die IP-Adresse der Nutzer in Erfahrung, da dies f\u00fcr eine Kommunikation zwischen einem Browser und einem Onlineservice notwendig ist. N\u00e4here Informationen zur Erhebung und Nutzung der Daten durch Gravatar finden sich in den Datenschutzhinweisen von Automattic: <a href=\"https:\/\/automattic.com\/privacy\/\" target=\"_blank\" rel=\"noopener\">https:\/\/automattic.com\/privacy\/<\/a>.<\/p>\n<p>Wenn Nutzer nicht m\u00f6chten, dass ein mit Ihrer E-Mail-Adresse bei Gravatar verkn\u00fcpftes Benutzerbild in den Kommentaren erscheint, sollten Sie zum Kommentieren eine E-Mail-Adresse nutzen, welche nicht bei Gravatar hinterlegt ist. Wir weisen ferner darauf hin, dass es auch m\u00f6glich ist eine anonyme oder gar keine E-Mailadresse zu verwenden, falls die Nutzer nicht w\u00fcnschen, dass die eigene E-Mailadresse an Gravatar \u00fcbersendet wird. Nutzer k\u00f6nnen die \u00dcbertragung der Daten komplett verhindern, indem Sie unser Kommentarsystem nicht nutzen.<\/p>\n<p>Die von uns verarbeiteten Daten werden nach Ma\u00dfgabe der Art. 17 und 18 DSGVO gel\u00f6scht oder in ihrer Verarbeitung eingeschr\u00e4nkt. Sofern nicht im Rahmen dieser Datenschutzerkl\u00e4rung ausdr\u00fccklich angegeben, werden die bei uns gespeicherten Daten gel\u00f6scht, sobald sie f\u00fcr ihre Zweckbestimmung nicht mehr erforderlich sind und der L\u00f6schung keine gesetzlichen Aufbewahrungspflichten entgegenstehen. Sofern die Daten nicht gel\u00f6scht werden, weil sie f\u00fcr andere und gesetzlich zul\u00e4ssige Zwecke erforderlich sind, wird deren Verarbeitung eingeschr\u00e4nkt. D.h. die Daten werden gesperrt und nicht f\u00fcr andere Zwecke verarbeitet. Das gilt z.B. f\u00fcr Daten, die aus handels- oder steuerrechtlichen Gr\u00fcnden aufbewahrt werden m\u00fcssen.<\/p>\n<h2>Onlinepr\u00e4senzen in sozialen Medien<\/h2>\n<p>Wir unterhalten Onlinepr\u00e4senzen innerhalb sozialer Netzwerke und Plattformen, um mit den dort aktiven Kunden, Interessenten und Nutzern zu kommunizieren und sie dort \u00fcber unsere Leistungen informieren zu k\u00f6nnen. Beim Aufruf der jeweiligen Netzwerke und Plattformen gelten die Gesch\u00e4ftsbedingungen und die Datenverarbeitungsrichtlinien deren jeweiligen Betreiber.<\/p>\n<p>Soweit nicht anders im Rahmen unserer Datenschutzerkl\u00e4rung angegeben, verarbeiten wir die Daten der Nutzer sofern diese mit uns innerhalb der sozialen Netzwerke und Plattformen kommunizieren, z.B. Beitr\u00e4ge auf unseren Onlinepr\u00e4senzen verfassen oder uns Nachrichten zusenden.<\/p>\n<h2>Google Analytics<\/h2>\n<p>Wir setzen auf Grundlage unserer berechtigten Interessen (d.h. Interesse an der Analyse, Optimierung und wirtschaftlichem Betrieb unseres Onlineangebotes im Sinne des Art. 6 Abs. 1 lit. f. DSGVO) Google Analytics, einen Webanalysedienst der Google LLC (\u201eGoogle\u201c) ein. Google verwendet Cookies. Die durch das Cookie erzeugten Informationen \u00fcber Benutzung des Onlineangebotes durch die Nutzer werden in der Regel an einen Server von Google in den USA \u00fcbertragen und dort gespeichert.<\/p>\n<p>Google ist unter dem Privacy-Shield-Abkommen zertifiziert und bietet hierdurch eine Garantie, das europ\u00e4ische Datenschutzrecht einzuhalten (<a href=\"https:\/\/www.privacyshield.gov\/participant?id=a2zt000000001L5AAI&amp;status=Active\" target=\"_blank\" rel=\"noopener\">https:\/\/www.privacyshield.gov\/participant?id=a2zt000000001L5AAI&amp;status=Active<\/a>).<\/p>\n<p>Google wird diese Informationen in unserem Auftrag benutzen, um die Nutzung unseres Onlineangebotes durch die Nutzer auszuwerten, um Reports \u00fcber die Aktivit\u00e4ten innerhalb dieses Onlineangebotes zusammenzustellen und um weitere, mit der Nutzung dieses Onlineangebotes und der Internetnutzung verbundene Dienstleistungen, uns gegen\u00fcber zu erbringen. Dabei k\u00f6nnen aus den verarbeiteten Daten pseudonyme Nutzungsprofile der Nutzer erstellt werden.<\/p>\n<p>Wir setzen Google Analytics ein, um die durch innerhalb von Werbediensten Googles und seiner Partner geschalteten Anzeigen, nur solchen Nutzern anzuzeigen, die auch ein Interesse an unserem Onlineangebot gezeigt haben oder die bestimmte Merkmale (z.B. Interessen an bestimmten Themen oder Produkten, die anhand der besuchten Webseiten bestimmt werden) aufweisen, die wir an Google \u00fcbermitteln (sog. \u201eRemarketing-\u201c, bzw. \u201eGoogle-Analytics-Audiences\u201c). Mit Hilfe der Remarketing Audiences m\u00f6chten wir auch sicherstellen, dass unsere Anzeigen dem potentiellen Interesse der Nutzer entsprechen und nicht bel\u00e4stigend wirken.<\/p>\n<p>Wir setzen Google Analytics nur mit aktivierter IP-Anonymisierung ein. Das bedeutet, die IP-Adresse der Nutzer wird von Google innerhalb von Mitgliedstaaten der Europ\u00e4ischen Union oder in anderen Vertragsstaaten des Abkommens \u00fcber den Europ\u00e4ischen Wirtschaftsraum gek\u00fcrzt. Nur in Ausnahmef\u00e4llen wird die volle IP-Adresse an einen Server von Google in den USA \u00fcbertragen und dort gek\u00fcrzt.<\/p>\n<p>Die von dem Browser des Nutzers \u00fcbermittelte IP-Adresse wird nicht mit anderen Daten von Google zusammengef\u00fchrt. Die Nutzer k\u00f6nnen die Speicherung der Cookies durch eine entsprechende Einstellung ihrer Browser-Software verhindern; die Nutzer k\u00f6nnen dar\u00fcber hinaus die Erfassung der durch das Cookie erzeugten und auf ihre Nutzung des Onlineangebotes bezogenen Daten an Google sowie die Verarbeitung dieser Daten durch Google verhindern, indem sie das unter folgendem Link verf\u00fcgbare Browser-Plugin herunterladen und installieren: https:\/\/tools.google.com\/dlpage\/gaoptout?hl=de.<\/p>\n<p>Weitere Informationen zur Datennutzung durch Google, Einstellungs- und Widerspruchsm\u00f6glichkeiten erfahren Sie auf den Webseiten von Google: <a href=\"https:\/\/www.google.com\/intl\/de\/policies\/privacy\/partners\" target=\"_blank\" rel=\"noopener\">https:\/\/www.google.com\/intl\/de\/policies\/privacy\/partners<\/a> (\u201eDatennutzung durch Google bei Ihrer Nutzung von Websites oder Apps unserer Partner\u201c), <a href=\"https:\/\/policies.google.com\/technologies\/ads\" target=\"_blank\" rel=\"noopener\">https:\/\/policies.google.com\/technologies\/ads<\/a> (\u201eDatennutzung zu Werbezwecken\u201c), <a href=\"https:\/\/adssettings.google.com\/authenticated\" target=\"_blank\" rel=\"noopener\">https:\/\/adssettings.google.com\/authenticated<\/a> (\u201eInformationen verwalten, die Google verwendet, um Ihnen Werbung einzublenden\u201c).<\/p>\n<p>&nbsp;<\/p>\n<h2>YouTube<\/h2>\n<p>Unsere Website nutzt Erweiterungen der von Google betriebenen Seite YouTube. Betreiber der Seiten ist die YouTube, LLC, 901 Cherry Ave., San Bruno, CA 94066, USA.<\/p>\n<p>Falls Sie eine unserer mit einem YouTube-Plugin ausgestatteten Seiten nutzen, wird eine Verbindung zu den Servern von YouTube hergestellt. Dabei wird dem YouTube-Server mitgeteilt, welche unserer Seiten Sie besucht haben.<\/p>\n<p>Sollten Sie zum Zeitpunkt der Nutzung in Ihrem YouTube-Account eingeloggt sein, erm\u00f6glichen Sie YouTube, Ihr Surfverhalten direkt Ihrem pers\u00f6nlichen Profil zuzuordnen. Dies k\u00f6nnen Sie verhindern, indem Sie sich aus Ihrem YouTube-Account ausloggen.<\/p>\n<p>Die Nutzung von YouTube erfolgt im Interesse einer ansprechenden und interaktiven Darstellung unseres Online-Angebotes. Dies stellt ein berechtigtes Interesse im Sinne von Art. 6 Abs. 1 lit. f DSGVO dar.<\/p>\n<p>Weitere Informationen zum Umgang mit Nutzerdaten finden Sie in der Datenschutzerkl\u00e4rung von YouTube unter <a href=\"https:\/\/www.google.de\/intl\/de\/policies\/privacy\">https:\/\/www.google.de\/intl\/de\/policies\/privacy<\/a>.<\/p>\n<h2>Auskunft, L\u00f6schung, Sperrung<\/h2>\n<p>Sie haben jederzeit das Recht auf unentgeltliche Auskunft \u00fcber Ihre gespeicherten personenbezogenen Daten, deren Herkunft und Empf\u00e4nger und den Zweck der Datenverarbeitung sowie ein Recht auf Berichtigung, Sperrung oder L\u00f6schung dieser Daten. Hierzu sowie zu weiteren Fragen zum Thema personenbezogene Daten k\u00f6nnen Sie sich jederzeit \u00fcber die im Impressum angegeben Adresse des Webseitenbetreibers an uns wenden.<\/p>\n<h2>Userlike<\/h2>\n<p>Diese Website verwendet Userlike, eine Live-Chat Software des Unternehmens Userlike UG (haftungsbeschr\u00e4nkt). Userlike verwendet \u201eCookies\u201c, Textdateien, die auf Ihrem Computer gespeichert werden und die eine pers\u00f6nliche Unterhaltung in Form eines Echtzeit-Chats auf der Website mit Ihnen erm\u00f6glichen. Die erhobenen Daten werden nicht dazu genutzt, den Besucher dieser Website pers\u00f6nlich zu identifizieren, und nicht mit personenbezogenen Daten \u00fcber den Tr\u00e4ger des Pseudonyms zusammengef\u00fchrt.<\/p>\n<h2>Verwendung von Webfonts<\/h2>\n<p>Auf diesen Internetseiten werden externe Schriften, Google Fonts verwendet. Google Fonts ist ein Dienst der Google Inc. (&#8222;Google&#8220;). Die Einbindung dieser Web Fonts erfolgt durch einen Serveraufruf, in der Regel ein Server von Google in den USA. Hierdurch wird an den Server \u00fcbermittelt, welche unserer Internetseiten Sie besucht haben. Auch wird die IP-Adresse des Browsers des Endger\u00e4tes des Besuchers dieser Internetseiten von Google gespeichert. N\u00e4here Informationen finden Sie in den Datenschutzhinweisen von Google, die Sie hier abrufen k\u00f6nnen:<br \/>\n<a href=\"https:\/\/www.google.com\/fonts#AboutPlace:about\">www.google.com\/fonts#AboutPlace:about<\/a><br \/>\n<a href=\"https:\/\/www.google.com\/policies\/privacy\/\">www.google.com\/policies\/privacy\/<\/a><\/p>\n<p>Quellenangabe: <a href=\"http:\/\/www.e-recht24.de\/muster-datenschutzerklaerung.html\" target=\"_blank\" rel=\"nofollow noopener\">eRecht24<\/a> \/ Dr. T. Schwenke<\/p>\n","protected":false},"excerpt":{"rendered":"<p>Verantwortlicher Sensational Marketing GmbH D\u00f6nhoffstr. 40 51373 Leverkusen, Deutschland Tel.: 0214 \/ 864 996 940 E-Mail: opteamierer@sensational.marketing Arten der verarbeiteten Daten Bestandsdaten Kontaktdaten Inhaltsdaten Nutzungsdaten Meta-\/ Kommunikationsdaten Verarbeitung besonderer Kategorien von Daten (Art. 9 Abs. 1 DSGVO Es werden grunds\u00e4tzlich keine besonderen Kategorien von Daten verarbeitet, au\u00dfer diese werden durch die Nutzer der Verarbeitung zugef\u00fchrt, [&hellip;]<\/p>\n","protected":false},"author":1,"featured_media":0,"parent":0,"menu_order":0,"comment_status":"closed","ping_status":"closed","template":"","meta":{"footnotes":""},"class_list":["post-418","page","type-page","status-publish","hentry"],"aioseo_notices":[],"_links":{"self":[{"href":"https:\/\/privatschulen-ratgeber.de\/blog\/wp-json\/wp\/v2\/pages\/418","targetHints":{"allow":["GET"]}}],"collection":[{"href":"https:\/\/privatschulen-ratgeber.de\/blog\/wp-json\/wp\/v2\/pages"}],"about":[{"href":"https:\/\/privatschulen-ratgeber.de\/blog\/wp-json\/wp\/v2\/types\/page"}],"author":[{"embeddable":true,"href":"https:\/\/privatschulen-ratgeber.de\/blog\/wp-json\/wp\/v2\/users\/1"}],"replies":[{"embeddable":true,"href":"https:\/\/privatschulen-ratgeber.de\/blog\/wp-json\/wp\/v2\/comments?post=418"}],"version-history":[{"count":1,"href":"https:\/\/privatschulen-ratgeber.de\/blog\/wp-json\/wp\/v2\/pages\/418\/revisions"}],"predecessor-version":[{"id":419,"href":"https:\/\/privatschulen-ratgeber.de\/blog\/wp-json\/wp\/v2\/pages\/418\/revisions\/419"}],"wp:attachment":[{"href":"https:\/\/privatschulen-ratgeber.de\/blog\/wp-json\/wp\/v2\/media?parent=418"}],"curies":[{"name":"wp","href":"https:\/\/api.w.org\/{rel}","templated":true}]}}